{"id":2,"date":"2021-06-11T12:02:35","date_gmt":"2021-06-11T10:02:35","guid":{"rendered":"https:\/\/sara.hblalentia.schulwebspace.at\/?page_id=2"},"modified":"2021-06-27T23:28:34","modified_gmt":"2021-06-27T21:28:34","slug":"beispiel-seite","status":"publish","type":"page","link":"https:\/\/sara.hblalentia.schulwebspace.at\/?page_id=2","title":{"rendered":"ALLGEMEINES"},"content":{"rendered":"\n<p>Hier erf\u00e4hrst du ganz viele allgemeine Informationen und Fakten sowohl \u00fcber den Bundesstaat New York an sich als auch \u00fcber die ber\u00fchmte Stadt New York City.<\/p>\n\n\n\n<p>New York selbst ist n\u00e4mlich keine Stadt wie viele glauben, sondern eigentlich ein Bundesstaat in den Vereinigten Staaten, dessen Hauptstadt Albany darstellt. Mit \u00fcber 20 Millionen Einwohnern belegt er den 3. Platz der bev\u00f6lkerungsreichsten Staaten in den USA.<\/p>\n\n\n\n<p>Ich werde, wie bereits auf der Startseite erw\u00e4hnt, n\u00e4her auf die Stadt New York City eingehen.<\/p>\n\n\n\n<p><span class=\"has-inline-color has-white-color\">m<\/span><\/p>\n\n\n\n<p><strong><span style=\"text-decoration: underline;\">EIN PAAR FAKTEN \u00dcBER NYC IM \u00dcBERBLICK:<\/span><\/strong><\/p>\n\n\n\n<ul class=\"wp-block-list\"><li><strong>Gr\u00fcndung<\/strong>: 1624<\/li><li><strong>Bundesstaat<\/strong>: New York<\/li><li><strong>County<\/strong>: The Bronx, Manhattan, Queens, Brooklyn, Staten Island<\/li><li><strong>Einwohner<\/strong>: 8.336.817 (2019)<\/li><li><strong>Fl\u00e4che<\/strong>: 1.214,4 km<sup>2<\/sup><\/li><li><strong>B\u00fcrgermeister<\/strong>: Bill de Blasio<\/li><\/ul>\n\n\n\n<p><span class=\"has-inline-color has-white-color\">m<\/span><\/p>\n\n\n\n<p><strong><span style=\"text-decoration: underline;\">LAGE:<\/span><\/strong><\/p>\n\n\n\n<p>New York City hat sich von der Insel Manhattan aus ausgedehnt, die heute sein Zentrum ist und als spitze Felszunge zwischen Hudson und East River vorst\u00f6\u00dft. Die Stadt liegt an der westlichen Ostk\u00fcste der Vereinigten Staaten\u00a0in der New York Bay und in unmittelbarer Nachbarschaft zu Jersey City.<br>Es umschlie\u00dft die M\u00fcndungen des Hudson River und des East River in den Atlantischen Ozean und erhebt sich durchschnittlich sechs Meter \u00fcber den Meeresspiegel.<br>Geb\u00e4ude und Infrastruktur der Stadt greifen von den Flussufern in einer F\u00fclle von Vorst\u00e4dten auf andere Gro\u00dfst\u00e4dte \u00fcber und reichen weit ins Land hinein.<\/p>\n\n\n\n<p><span class=\"has-inline-color has-white-color\">m<\/span><\/p>\n\n\n\n<p><strong>Das Stadtgebiet wird in 5 Stadtbezirke, sogenannte Boroughs, gegliedert:<\/strong><\/p>\n\n\n\n<ul class=\"wp-block-list\"><li>Bronx<\/li><li>Brooklyn<\/li><li>Manhattan<\/li><li>Queens<\/li><li>Staten Island<\/li><\/ul>\n\n\n\n<p>Jeder dieser Bezirke entspricht einem Kreis (County) des Bundesstaates. Mehr \u00fcber die einzelnen Boroughs erf\u00e4hrt ihr unter &#8222;SEHENSW\u00dcRDIGKEITEN&#8220;. Enjoy!<\/p>\n\n\n\n<p><span class=\"has-inline-color has-white-color\">m<\/span><\/p>\n\n\n\n<figure class=\"wp-block-gallery columns-3 is-cropped wp-block-gallery-1 is-layout-flex wp-block-gallery-is-layout-flex\"><ul class=\"blocks-gallery-grid\"><li class=\"blocks-gallery-item\"><figure><img loading=\"lazy\" decoding=\"async\" width=\"731\" height=\"1024\" src=\"https:\/\/sara.hblalentia.schulwebspace.at\/wp-content\/uploads\/2021\/06\/photo-1515081774057-84dcf72d0cf1-731x1024.jpeg\" alt=\"\" data-id=\"103\" data-link=\"https:\/\/sara.hblalentia.schulwebspace.at\/?attachment_id=103\" class=\"wp-image-103\"\/><\/figure><\/li><li class=\"blocks-gallery-item\"><figure><img loading=\"lazy\" decoding=\"async\" width=\"683\" height=\"1024\" src=\"https:\/\/sara.hblalentia.schulwebspace.at\/wp-content\/uploads\/2021\/06\/photo-1524313071836-4bd44e8a2a95-683x1024.jpeg\" alt=\"\" data-id=\"88\" data-link=\"https:\/\/sara.hblalentia.schulwebspace.at\/?attachment_id=88\" class=\"wp-image-88\"\/><\/figure><\/li><li class=\"blocks-gallery-item\"><figure><img loading=\"lazy\" decoding=\"async\" width=\"800\" height=\"600\" src=\"https:\/\/sara.hblalentia.schulwebspace.at\/wp-content\/uploads\/2021\/06\/photo-1517209806898-2be0a0caf519.jpeg\" alt=\"\" data-id=\"102\" data-link=\"https:\/\/sara.hblalentia.schulwebspace.at\/?attachment_id=102\" class=\"wp-image-102\" srcset=\"https:\/\/sara.hblalentia.schulwebspace.at\/wp-content\/uploads\/2021\/06\/photo-1517209806898-2be0a0caf519.jpeg 800w, https:\/\/sara.hblalentia.schulwebspace.at\/wp-content\/uploads\/2021\/06\/photo-1517209806898-2be0a0caf519-300x225.jpeg 300w, https:\/\/sara.hblalentia.schulwebspace.at\/wp-content\/uploads\/2021\/06\/photo-1517209806898-2be0a0caf519-768x576.jpeg 768w, https:\/\/sara.hblalentia.schulwebspace.at\/wp-content\/uploads\/2021\/06\/photo-1517209806898-2be0a0caf519-1x1.jpeg 1w\" sizes=\"auto, (max-width: 800px) 100vw, 800px\" \/><\/figure><\/li><\/ul><\/figure>\n\n\n\n<p><span class=\"has-inline-color has-white-color\">m<\/span><\/p>\n\n\n\n<p><\/p>\n\n\n\n<p><\/p>\n\n\n\n<p> <\/p>\n","protected":false},"excerpt":{"rendered":"<p>Hier erf\u00e4hrst du ganz viele allgemeine Informationen und Fakten sowohl \u00fcber den Bundesstaat New York an sich als auch \u00fcber die ber\u00fchmte Stadt New York City. New York selbst ist n\u00e4mlich keine Stadt wie viele glauben, sondern eigentlich ein Bundesstaat in den Vereinigten Staaten, dessen Hauptstadt Albany darstellt. Mit \u00fcber 20 Millionen Einwohnern belegt er [&hellip;]<\/p>\n","protected":false},"author":1,"featured_media":0,"parent":0,"menu_order":0,"comment_status":"closed","ping_status":"closed","template":"full-width.php","meta":{"footnotes":""},"class_list":["post-2","page","type-page","status-publish","hentry"],"_links":{"self":[{"href":"https:\/\/sara.hblalentia.schulwebspace.at\/index.php?rest_route=\/wp\/v2\/pages\/2","targetHints":{"allow":["GET"]}}],"collection":[{"href":"https:\/\/sara.hblalentia.schulwebspace.at\/index.php?rest_route=\/wp\/v2\/pages"}],"about":[{"href":"https:\/\/sara.hblalentia.schulwebspace.at\/index.php?rest_route=\/wp\/v2\/types\/page"}],"author":[{"embeddable":true,"href":"https:\/\/sara.hblalentia.schulwebspace.at\/index.php?rest_route=\/wp\/v2\/users\/1"}],"replies":[{"embeddable":true,"href":"https:\/\/sara.hblalentia.schulwebspace.at\/index.php?rest_route=%2Fwp%2Fv2%2Fcomments&post=2"}],"version-history":[{"count":23,"href":"https:\/\/sara.hblalentia.schulwebspace.at\/index.php?rest_route=\/wp\/v2\/pages\/2\/revisions"}],"predecessor-version":[{"id":218,"href":"https:\/\/sara.hblalentia.schulwebspace.at\/index.php?rest_route=\/wp\/v2\/pages\/2\/revisions\/218"}],"wp:attachment":[{"href":"https:\/\/sara.hblalentia.schulwebspace.at\/index.php?rest_route=%2Fwp%2Fv2%2Fmedia&parent=2"}],"curies":[{"name":"wp","href":"https:\/\/api.w.org\/{rel}","templated":true}]}}