{"id":206,"date":"2021-06-27T22:51:43","date_gmt":"2021-06-27T20:51:43","guid":{"rendered":"https:\/\/sara.hblalentia.schulwebspace.at\/?page_id=206"},"modified":"2021-06-29T22:59:50","modified_gmt":"2021-06-29T20:59:50","slug":"the-bronx","status":"publish","type":"page","link":"https:\/\/sara.hblalentia.schulwebspace.at\/?page_id=206","title":{"rendered":"THE BRONX"},"content":{"rendered":"\n<p>Zuerst noch eine kurze allgemeine Information zu dem Borough:<\/p>\n\n\n\n<p>Die Bronx&nbsp;ist seit dem 10. Januar 1874 der n\u00f6rdlichste Stadtbezirk der US-amerikanischen Metropole New York City.&nbsp;Er deckt sich mit Bronx County, dem&nbsp;am viertst\u00e4rksten besiedelten County&nbsp;des Bundesstaates New York.<\/p>\n\n\n\n<p><span class=\"has-inline-color has-white-color\">m<\/span><\/p>\n\n\n\n<figure class=\"wp-block-gallery columns-3 is-cropped wp-block-gallery-1 is-layout-flex wp-block-gallery-is-layout-flex\"><ul class=\"blocks-gallery-grid\"><li class=\"blocks-gallery-item\"><figure><img loading=\"lazy\" decoding=\"async\" width=\"1024\" height=\"768\" src=\"https:\/\/sara.hblalentia.schulwebspace.at\/wp-content\/uploads\/2021\/06\/20190107_100418-1024x768.jpg\" alt=\"\" data-id=\"258\" data-full-url=\"https:\/\/sara.hblalentia.schulwebspace.at\/wp-content\/uploads\/2021\/06\/20190107_100418.jpg\" data-link=\"https:\/\/sara.hblalentia.schulwebspace.at\/?attachment_id=258\" class=\"wp-image-258\" srcset=\"https:\/\/sara.hblalentia.schulwebspace.at\/wp-content\/uploads\/2021\/06\/20190107_100418-1024x768.jpg 1024w, https:\/\/sara.hblalentia.schulwebspace.at\/wp-content\/uploads\/2021\/06\/20190107_100418-300x225.jpg 300w, https:\/\/sara.hblalentia.schulwebspace.at\/wp-content\/uploads\/2021\/06\/20190107_100418-768x576.jpg 768w, https:\/\/sara.hblalentia.schulwebspace.at\/wp-content\/uploads\/2021\/06\/20190107_100418-1536x1151.jpg 1536w, https:\/\/sara.hblalentia.schulwebspace.at\/wp-content\/uploads\/2021\/06\/20190107_100418-1x1.jpg 1w, https:\/\/sara.hblalentia.schulwebspace.at\/wp-content\/uploads\/2021\/06\/20190107_100418.jpg 1601w\" sizes=\"auto, (max-width: 1024px) 100vw, 1024px\" \/><\/figure><\/li><li class=\"blocks-gallery-item\"><figure><img loading=\"lazy\" decoding=\"async\" width=\"900\" height=\"601\" src=\"https:\/\/sara.hblalentia.schulwebspace.at\/wp-content\/uploads\/2021\/06\/photo-1571191008066-0c00b02c4857.jpeg\" alt=\"\" data-id=\"261\" data-full-url=\"https:\/\/sara.hblalentia.schulwebspace.at\/wp-content\/uploads\/2021\/06\/photo-1571191008066-0c00b02c4857.jpeg\" data-link=\"https:\/\/sara.hblalentia.schulwebspace.at\/?attachment_id=261\" class=\"wp-image-261\" srcset=\"https:\/\/sara.hblalentia.schulwebspace.at\/wp-content\/uploads\/2021\/06\/photo-1571191008066-0c00b02c4857.jpeg 900w, https:\/\/sara.hblalentia.schulwebspace.at\/wp-content\/uploads\/2021\/06\/photo-1571191008066-0c00b02c4857-300x200.jpeg 300w, https:\/\/sara.hblalentia.schulwebspace.at\/wp-content\/uploads\/2021\/06\/photo-1571191008066-0c00b02c4857-768x513.jpeg 768w, https:\/\/sara.hblalentia.schulwebspace.at\/wp-content\/uploads\/2021\/06\/photo-1571191008066-0c00b02c4857-1x1.jpeg 1w\" sizes=\"auto, (max-width: 900px) 100vw, 900px\" \/><\/figure><\/li><li class=\"blocks-gallery-item\"><figure><img loading=\"lazy\" decoding=\"async\" width=\"1024\" height=\"453\" src=\"https:\/\/sara.hblalentia.schulwebspace.at\/wp-content\/uploads\/2021\/06\/Brownstone-NY-e1624998752506-1024x453.jpg\" alt=\"\" data-id=\"259\" data-full-url=\"https:\/\/sara.hblalentia.schulwebspace.at\/wp-content\/uploads\/2021\/06\/Brownstone-NY-e1624998752506.jpg\" data-link=\"https:\/\/sara.hblalentia.schulwebspace.at\/?attachment_id=259\" class=\"wp-image-259\" srcset=\"https:\/\/sara.hblalentia.schulwebspace.at\/wp-content\/uploads\/2021\/06\/Brownstone-NY-e1624998752506-1024x453.jpg 1024w, https:\/\/sara.hblalentia.schulwebspace.at\/wp-content\/uploads\/2021\/06\/Brownstone-NY-e1624998752506-300x133.jpg 300w, https:\/\/sara.hblalentia.schulwebspace.at\/wp-content\/uploads\/2021\/06\/Brownstone-NY-e1624998752506-768x340.jpg 768w, https:\/\/sara.hblalentia.schulwebspace.at\/wp-content\/uploads\/2021\/06\/Brownstone-NY-e1624998752506-1x1.jpg 1w, https:\/\/sara.hblalentia.schulwebspace.at\/wp-content\/uploads\/2021\/06\/Brownstone-NY-e1624998752506.jpg 1187w\" sizes=\"auto, (max-width: 1024px) 100vw, 1024px\" \/><\/figure><\/li><\/ul><\/figure>\n\n\n\n<p><span class=\"has-inline-color has-white-color\">m<\/span><\/p>\n\n\n\n<p><span class=\"has-inline-color has-white-color\">m<\/span><\/p>\n\n\n\n<h2 class=\"wp-block-heading\">SEHENSW\u00dcRDIGKEITEN:<\/h2>\n\n\n\n<p><span class=\"has-inline-color has-white-color\">m<\/span><\/p>\n\n\n\n<h4 class=\"wp-block-heading\">1) <span style=\"text-decoration: underline;\">NEW YORK BOTANICAL GARDEN<\/span>:<\/h4>\n\n\n\n<p><\/p>\n\n\n\n<div class=\"wp-block-media-text alignwide is-stacked-on-mobile\" style=\"grid-template-columns:57% auto\"><figure class=\"wp-block-media-text__media\"><img loading=\"lazy\" decoding=\"async\" width=\"544\" height=\"360\" src=\"https:\/\/sara.hblalentia.schulwebspace.at\/wp-content\/uploads\/2021\/06\/images.jpeg\" alt=\"\" class=\"wp-image-271 size-full\" srcset=\"https:\/\/sara.hblalentia.schulwebspace.at\/wp-content\/uploads\/2021\/06\/images.jpeg 544w, https:\/\/sara.hblalentia.schulwebspace.at\/wp-content\/uploads\/2021\/06\/images-300x199.jpeg 300w, https:\/\/sara.hblalentia.schulwebspace.at\/wp-content\/uploads\/2021\/06\/images-1x1.jpeg 1w\" sizes=\"auto, (max-width: 544px) 100vw, 544px\" \/><\/figure><div class=\"wp-block-media-text__content\">\n<p>Der New York Botanical Garden ist ein botanischer Garten in der Bronx, dem n\u00f6rdlichsten Stadtbezirk von New York City. Er z\u00e4hlt zu den gr\u00f6\u00dften botanischen G\u00e4rten in den Vereinigten Staaten. Der Garten umfasst eine Fl\u00e4che von 100 Hektar und liegt im Bronx Park. Er beherbergt einige der weltweit f\u00fchrenden Pflanzenlaboratorien. Der botanische Garten wurde 1891 durch die Aktivit\u00e4ten des Staten Island Institute of Arts &amp; Sciences gegr\u00fcndet, deren Gr\u00fcndungsmitglied Nathaniel Lord Britton wurde dann der erste Direktor des Botanical Garden.<\/p>\n<\/div><\/div>\n\n\n\n<p>Zu den Sehensw\u00fcrdigkeiten z\u00e4hlt ein 16 Hektar gro\u00dfer Baumbestand des urspr\u00fcnglichen Waldes mit Eichen, Birken, Hemlocktannen und anderen B\u00e4umen, die nicht gef\u00e4llt werden und so einen urwaldnahen Zustand erreichen sollen. Einige B\u00e4ume sind etwa 300 Jahre alt und bis zu 36 Meter hoch. Mitten in der Stadt haben die Pflanzen jedoch sehr mit Luftverschmutzung, Schwermetallbelastung und Sch\u00e4dlingen zu k\u00e4mpfen. In der Mitte des Botanischen Gartens wird das Waldgebiet vom Bronx River durchzogen, der durch einen Canyon flie\u00dft und Wasserf\u00e4lle bildet.<\/p>\n\n\n\n<p><span class=\"has-inline-color has-white-color\">m<\/span><\/p>\n\n\n\n<p><span class=\"has-inline-color has-white-color\">m<\/span><\/p>\n\n\n\n<h4 class=\"wp-block-heading\">2) <span style=\"text-decoration: underline;\">BRONX ZOO<\/span>:<\/h4>\n\n\n\n<p>Der Bronx Zoo, mit vollem Namen International Wildlife Conservation Park, ist ein zoologischer Garten in der Bronx in New York City. Er ist mit einer Fl\u00e4che von 107 ha der gr\u00f6\u00dfte Zoo von New York und der gr\u00f6\u00dfte in einer Stadt befindliche Zoo in den USA. N\u00f6rdlich des Zoos befindet sich der New York Botanical Garden.<\/p>\n\n\n\n<figure class=\"wp-block-gallery columns-2 is-cropped wp-block-gallery-2 is-layout-flex wp-block-gallery-is-layout-flex\"><ul class=\"blocks-gallery-grid\"><li class=\"blocks-gallery-item\"><figure><img loading=\"lazy\" decoding=\"async\" width=\"540\" height=\"360\" src=\"https:\/\/sara.hblalentia.schulwebspace.at\/wp-content\/uploads\/2021\/06\/licensed-image-4.jpeg\" alt=\"\" data-id=\"279\" data-full-url=\"https:\/\/sara.hblalentia.schulwebspace.at\/wp-content\/uploads\/2021\/06\/licensed-image-4.jpeg\" data-link=\"https:\/\/sara.hblalentia.schulwebspace.at\/?attachment_id=279\" class=\"wp-image-279\" srcset=\"https:\/\/sara.hblalentia.schulwebspace.at\/wp-content\/uploads\/2021\/06\/licensed-image-4.jpeg 540w, https:\/\/sara.hblalentia.schulwebspace.at\/wp-content\/uploads\/2021\/06\/licensed-image-4-300x200.jpeg 300w, https:\/\/sara.hblalentia.schulwebspace.at\/wp-content\/uploads\/2021\/06\/licensed-image-4-1x1.jpeg 1w\" sizes=\"auto, (max-width: 540px) 100vw, 540px\" \/><\/figure><\/li><li class=\"blocks-gallery-item\"><figure><img loading=\"lazy\" decoding=\"async\" width=\"541\" height=\"360\" src=\"https:\/\/sara.hblalentia.schulwebspace.at\/wp-content\/uploads\/2021\/06\/licensed-image-5.jpeg\" alt=\"\" data-id=\"280\" data-full-url=\"https:\/\/sara.hblalentia.schulwebspace.at\/wp-content\/uploads\/2021\/06\/licensed-image-5.jpeg\" data-link=\"https:\/\/sara.hblalentia.schulwebspace.at\/?attachment_id=280\" class=\"wp-image-280\" srcset=\"https:\/\/sara.hblalentia.schulwebspace.at\/wp-content\/uploads\/2021\/06\/licensed-image-5.jpeg 541w, https:\/\/sara.hblalentia.schulwebspace.at\/wp-content\/uploads\/2021\/06\/licensed-image-5-300x200.jpeg 300w, https:\/\/sara.hblalentia.schulwebspace.at\/wp-content\/uploads\/2021\/06\/licensed-image-5-1x1.jpeg 1w\" sizes=\"auto, (max-width: 541px) 100vw, 541px\" \/><\/figure><\/li><\/ul><\/figure>\n\n\n\n<p>Bei der Er\u00f6ffnung 1899 hatte der Zoo 843 Tiere. Heutzutage leben im Park, in nat\u00fcrlicher Umgebung, mehr als 4.300 Tiere, die 765 verschiedenen Arten angeh\u00f6ren. Im Bronx Zoo findet man viele Tierarten, die in freier Wildbahn schon ausgestorben sind. Die Aufteilung der Tiergehege wurde nach geographischen Gesichtspunkten getroffen. Startet man im Norden am Rainey Gate Entrance zu einem Rundgang im Uhrzeigersinn, so durchstreift man folgende Erdteile: Nordamerika, Asien, Afrika und S\u00fcdamerika. Im Zoo gibt es einen Kinderzoo mit Streichelzoo und Spielplatz.<\/p>\n\n\n\n<p><span class=\"has-inline-color has-white-color\">m<\/span><\/p>\n\n\n\n<p><span class=\"has-inline-color has-white-color\">m<\/span><\/p>\n\n\n\n<h4 class=\"wp-block-heading\">3) <span style=\"text-decoration: underline;\">YANKEE STADIUM<\/span>:<\/h4>\n\n\n\n<p>F\u00fcr Sportfans ist diese Sehensw\u00fcrdigkeit oder Erlebnis etwas ganz besonderes. Das Yankee Stadium ist das Baseballstadion der New York Yankees. Es liegt im S\u00fcden der Bronx, einem Stadtteil der US-amerikanischen Metropole New York City im Bundesstaat New York. Es wurde am 3. April 2009 er\u00f6ffnet und ersetzte das alte Yankee Stadium von 1923, das bis zum 13. Mai 2010 abgerissen wurde. Die Heimspielst\u00e4tte der Yankees bietet momentan zu Baseballspielen 47.309 Pl\u00e4tze. Zu den Partien des New York City FC aus der Major League Soccer stehen 28.743 bis maximal 47.309 Pl\u00e4tze zur Verf\u00fcgung.<\/p>\n\n\n\n<div class=\"wp-block-image\"><figure class=\"alignleft size-large\"><img loading=\"lazy\" decoding=\"async\" width=\"534\" height=\"259\" src=\"https:\/\/sara.hblalentia.schulwebspace.at\/wp-content\/uploads\/2021\/06\/images-2-e1624999828299.jpeg\" alt=\"\" class=\"wp-image-286\" srcset=\"https:\/\/sara.hblalentia.schulwebspace.at\/wp-content\/uploads\/2021\/06\/images-2-e1624999828299.jpeg 534w, https:\/\/sara.hblalentia.schulwebspace.at\/wp-content\/uploads\/2021\/06\/images-2-e1624999828299-300x146.jpeg 300w, https:\/\/sara.hblalentia.schulwebspace.at\/wp-content\/uploads\/2021\/06\/images-2-e1624999828299-1x1.jpeg 1w\" sizes=\"auto, (max-width: 534px) 100vw, 534px\" \/><\/figure><\/div>\n\n\n\n<p><span class=\"has-inline-color has-white-color\">m<\/span><\/p>\n\n\n\n<p><\/p>\n","protected":false},"excerpt":{"rendered":"<p>Zuerst noch eine kurze allgemeine Information zu dem Borough: Die Bronx&nbsp;ist seit dem 10. Januar 1874 der n\u00f6rdlichste Stadtbezirk der US-amerikanischen Metropole New York City.&nbsp;Er deckt sich mit Bronx County, dem&nbsp;am viertst\u00e4rksten besiedelten County&nbsp;des Bundesstaates New York. m m m SEHENSW\u00dcRDIGKEITEN: m 1) NEW YORK BOTANICAL GARDEN: Der New York Botanical Garden ist ein botanischer [&hellip;]<\/p>\n","protected":false},"author":1,"featured_media":0,"parent":94,"menu_order":0,"comment_status":"closed","ping_status":"closed","template":"","meta":{"footnotes":""},"class_list":["post-206","page","type-page","status-publish","hentry"],"_links":{"self":[{"href":"https:\/\/sara.hblalentia.schulwebspace.at\/index.php?rest_route=\/wp\/v2\/pages\/206","targetHints":{"allow":["GET"]}}],"collection":[{"href":"https:\/\/sara.hblalentia.schulwebspace.at\/index.php?rest_route=\/wp\/v2\/pages"}],"about":[{"href":"https:\/\/sara.hblalentia.schulwebspace.at\/index.php?rest_route=\/wp\/v2\/types\/page"}],"author":[{"embeddable":true,"href":"https:\/\/sara.hblalentia.schulwebspace.at\/index.php?rest_route=\/wp\/v2\/users\/1"}],"replies":[{"embeddable":true,"href":"https:\/\/sara.hblalentia.schulwebspace.at\/index.php?rest_route=%2Fwp%2Fv2%2Fcomments&post=206"}],"version-history":[{"count":33,"href":"https:\/\/sara.hblalentia.schulwebspace.at\/index.php?rest_route=\/wp\/v2\/pages\/206\/revisions"}],"predecessor-version":[{"id":299,"href":"https:\/\/sara.hblalentia.schulwebspace.at\/index.php?rest_route=\/wp\/v2\/pages\/206\/revisions\/299"}],"up":[{"embeddable":true,"href":"https:\/\/sara.hblalentia.schulwebspace.at\/index.php?rest_route=\/wp\/v2\/pages\/94"}],"wp:attachment":[{"href":"https:\/\/sara.hblalentia.schulwebspace.at\/index.php?rest_route=%2Fwp%2Fv2%2Fmedia&parent=206"}],"curies":[{"name":"wp","href":"https:\/\/api.w.org\/{rel}","templated":true}]}}