{"id":221,"date":"2021-06-29T13:03:33","date_gmt":"2021-06-29T11:03:33","guid":{"rendered":"https:\/\/sara.hblalentia.schulwebspace.at\/?page_id=221"},"modified":"2021-06-29T21:55:18","modified_gmt":"2021-06-29T19:55:18","slug":"impressum","status":"publish","type":"page","link":"https:\/\/sara.hblalentia.schulwebspace.at\/?page_id=221","title":{"rendered":"IMPRESSUM"},"content":{"rendered":"\n<p>Sara Steinbauer<\/p>\n\n\n\n<p>4020 Linz<\/p>\n\n\n\n<p>Zaubertalstra\u00dfe 13a | Austria<\/p>\n\n\n\n<p><span class=\"has-inline-color has-white-color\">m<\/span><\/p>\n\n\n\n<p>Kundenservice Informationsassistentin<\/p>\n\n\n\n<p><span class=\"has-inline-color has-white-color\">m<\/span><\/p>\n\n\n\n<p>Tel.: +43 689 96374813<\/p>\n\n\n\n<p>E-Mail: steinbauer.sara@hblalentia.at<\/p>\n\n\n\n<p><span class=\"has-inline-color has-white-color\">m<\/span><\/p>\n\n\n\n<p>UID-Nr.: ATU12345678<\/p>\n\n\n\n<p>Mitglied der WK\u00d6, WKO\u00d6<\/p>\n\n\n\n<p><span class=\"has-inline-color has-white-color\">m<\/span><\/p>\n\n\n\n<p>Berufsrecht:<br>Gewerbeordnung:\u00a0www.ris.bka.gv.at<\/p>\n\n\n\n<p><span class=\"has-inline-color has-white-color\">m<\/span><\/p>\n\n\n\n<p>Bezirkshauptmannschaft Linz<\/p>\n\n\n\n<p><span class=\"has-inline-color has-white-color\">m<\/span><\/p>\n\n\n\n<p>Meisterbetrieb, Meisterpr\u00fcfung abgelegt in<\/p>\n\n\n\n<p>\u00d6sterreich<\/p>\n\n\n\n<p><span class=\"has-inline-color has-white-color\">m<\/span><\/p>\n\n\n\n<p>Verbraucher haben die M\u00f6glichkeit, Beschwerden an die Online- Streitbeilegungsplattform der EU zu richten:http:\/\/ec.europa.eu\/odr&nbsp;.<\/p>\n\n\n\n<p>Sie k\u00f6nnen allf\u00e4llige Beschwerde auch an die oben angegebene E-Mail-Adresse richten.<\/p>\n\n\n\n<p><span class=\"has-inline-color has-white-color\">m<\/span><\/p>\n","protected":false},"excerpt":{"rendered":"<p>Sara Steinbauer 4020 Linz Zaubertalstra\u00dfe 13a | Austria m Kundenservice Informationsassistentin m Tel.: +43 689 96374813 E-Mail: steinbauer.sara@hblalentia.at m UID-Nr.: ATU12345678 Mitglied der WK\u00d6, WKO\u00d6 m Berufsrecht:Gewerbeordnung:\u00a0www.ris.bka.gv.at m Bezirkshauptmannschaft Linz m Meisterbetrieb, Meisterpr\u00fcfung abgelegt in \u00d6sterreich m Verbraucher haben die M\u00f6glichkeit, Beschwerden an die Online- Streitbeilegungsplattform der EU zu richten:http:\/\/ec.europa.eu\/odr&nbsp;. Sie k\u00f6nnen allf\u00e4llige Beschwerde auch [&hellip;]<\/p>\n","protected":false},"author":1,"featured_media":0,"parent":0,"menu_order":0,"comment_status":"closed","ping_status":"closed","template":"","meta":{"footnotes":""},"class_list":["post-221","page","type-page","status-publish","hentry"],"_links":{"self":[{"href":"https:\/\/sara.hblalentia.schulwebspace.at\/index.php?rest_route=\/wp\/v2\/pages\/221","targetHints":{"allow":["GET"]}}],"collection":[{"href":"https:\/\/sara.hblalentia.schulwebspace.at\/index.php?rest_route=\/wp\/v2\/pages"}],"about":[{"href":"https:\/\/sara.hblalentia.schulwebspace.at\/index.php?rest_route=\/wp\/v2\/types\/page"}],"author":[{"embeddable":true,"href":"https:\/\/sara.hblalentia.schulwebspace.at\/index.php?rest_route=\/wp\/v2\/users\/1"}],"replies":[{"embeddable":true,"href":"https:\/\/sara.hblalentia.schulwebspace.at\/index.php?rest_route=%2Fwp%2Fv2%2Fcomments&post=221"}],"version-history":[{"count":13,"href":"https:\/\/sara.hblalentia.schulwebspace.at\/index.php?rest_route=\/wp\/v2\/pages\/221\/revisions"}],"predecessor-version":[{"id":248,"href":"https:\/\/sara.hblalentia.schulwebspace.at\/index.php?rest_route=\/wp\/v2\/pages\/221\/revisions\/248"}],"wp:attachment":[{"href":"https:\/\/sara.hblalentia.schulwebspace.at\/index.php?rest_route=%2Fwp%2Fv2%2Fmedia&parent=221"}],"curies":[{"name":"wp","href":"https:\/\/api.w.org\/{rel}","templated":true}]}}