{"id":29,"date":"2021-06-16T12:34:51","date_gmt":"2021-06-16T10:34:51","guid":{"rendered":"https:\/\/sara.hblalentia.schulwebspace.at\/?page_id=29"},"modified":"2021-06-27T22:45:09","modified_gmt":"2021-06-27T20:45:09","slug":"allgemeines","status":"publish","type":"page","link":"https:\/\/sara.hblalentia.schulwebspace.at\/","title":{"rendered":"WELCOME."},"content":{"rendered":"\n<div class=\"wp-block-cover aligncenter has-background-dim\" style=\"min-height:549px;aspect-ratio:unset;\"><img loading=\"lazy\" decoding=\"async\" width=\"800\" height=\"533\" class=\"wp-block-cover__image-background wp-image-23\" alt=\"\" src=\"https:\/\/sara.hblalentia.schulwebspace.at\/wp-content\/uploads\/2021\/06\/photo-1483653364400-eedcfb9f1f88.jpeg\" data-object-fit=\"cover\" srcset=\"https:\/\/sara.hblalentia.schulwebspace.at\/wp-content\/uploads\/2021\/06\/photo-1483653364400-eedcfb9f1f88.jpeg 800w, https:\/\/sara.hblalentia.schulwebspace.at\/wp-content\/uploads\/2021\/06\/photo-1483653364400-eedcfb9f1f88-300x200.jpeg 300w, https:\/\/sara.hblalentia.schulwebspace.at\/wp-content\/uploads\/2021\/06\/photo-1483653364400-eedcfb9f1f88-768x512.jpeg 768w, https:\/\/sara.hblalentia.schulwebspace.at\/wp-content\/uploads\/2021\/06\/photo-1483653364400-eedcfb9f1f88-1x1.jpeg 1w\" sizes=\"auto, (max-width: 800px) 100vw, 800px\" \/><div class=\"wp-block-cover__inner-container is-layout-flow wp-block-cover-is-layout-flow\">\n<h1 class=\"has-text-align-center wp-block-heading\">NEW YORK CITY<\/h1>\n\n\n\n<p class=\"has-text-align-center\"><code>DIE STADT, DIE NIEMALS SCHL\u00c4FT<\/code>.<\/p>\n<\/div><\/div>\n\n\n\n<p> <\/p>\n\n\n\n<p> <span class=\"has-inline-color has-white-color\">m<\/span><\/p>\n\n\n\n<p>Ich hei\u00dfe dich sehr herzlich willkommen zu meiner Website \u00fcber <em>NEW YORK<\/em> &#8211; die Stadt die niemals schl\u00e4ft.<\/p>\n\n\n\n<p>Hier dreht sich alles um diese ber\u00fchmte Stadt in der USA. Ihr k\u00f6nnt hier allgemeine Informationen zur Stadt, Infos zu den beliebtesten Sehensw\u00fcrdigkeiten und noch vieles mehr erfahren.<br>Jede Woche am Freitag poste ich einen neuen Beitrag, den ihr dann auf der Seite &#8222;BLOGS&#8220; im Men\u00fc findet. Dort befinden sich generell alle Blog Eintr\u00e4ge, die ich je geschrieben habe.<\/p>\n\n\n\n<p>Ich werde mich auf dieser Website eher auf die Stadt New York City beziehen und nicht auf den Bundesstaat. Ansonsten werde ich dies kennzeichnen.<\/p>\n\n\n\n<p>Bei jeglichen Anregungen, W\u00fcnschen oder Fragen k\u00f6nnt ihr mich gerne kontaktieren oder einen Kommentar bei den Beitr\u00e4gen hinterlassen. Weitere Informationen unter &#8222;KONTAKT&#8220;.<br><br>VIEL SPA\u00df BEIM DURCHST\u00d6BERN !!!<\/p>\n\n\n\n<p><span class=\"has-inline-color has-white-color\">m<\/span><\/p>\n\n\n\n<figure class=\"wp-block-gallery columns-2 is-cropped wp-block-gallery-1 is-layout-flex wp-block-gallery-is-layout-flex\"><ul class=\"blocks-gallery-grid\"><li class=\"blocks-gallery-item\"><figure><img loading=\"lazy\" decoding=\"async\" width=\"683\" height=\"1024\" src=\"https:\/\/sara.hblalentia.schulwebspace.at\/wp-content\/uploads\/2021\/06\/photo-1504019853082-9a4cb128c1ef-683x1024.jpeg\" alt=\"\" data-id=\"161\" data-full-url=\"https:\/\/sara.hblalentia.schulwebspace.at\/wp-content\/uploads\/2021\/06\/photo-1504019853082-9a4cb128c1ef.jpeg\" data-link=\"https:\/\/sara.hblalentia.schulwebspace.at\/?attachment_id=161\" class=\"wp-image-161\" srcset=\"https:\/\/sara.hblalentia.schulwebspace.at\/wp-content\/uploads\/2021\/06\/photo-1504019853082-9a4cb128c1ef-683x1024.jpeg 683w, https:\/\/sara.hblalentia.schulwebspace.at\/wp-content\/uploads\/2021\/06\/photo-1504019853082-9a4cb128c1ef-200x300.jpeg 200w, https:\/\/sara.hblalentia.schulwebspace.at\/wp-content\/uploads\/2021\/06\/photo-1504019853082-9a4cb128c1ef-768x1152.jpeg 768w, https:\/\/sara.hblalentia.schulwebspace.at\/wp-content\/uploads\/2021\/06\/photo-1504019853082-9a4cb128c1ef-1x2.jpeg 1w, https:\/\/sara.hblalentia.schulwebspace.at\/wp-content\/uploads\/2021\/06\/photo-1504019853082-9a4cb128c1ef.jpeg 800w\" sizes=\"auto, (max-width: 683px) 100vw, 683px\" \/><\/figure><\/li><li class=\"blocks-gallery-item\"><figure><img loading=\"lazy\" decoding=\"async\" width=\"683\" height=\"1024\" src=\"https:\/\/sara.hblalentia.schulwebspace.at\/wp-content\/uploads\/2021\/06\/photo-1513772929411-94fdbe59a307-683x1024.jpeg\" alt=\"\" data-id=\"165\" data-full-url=\"https:\/\/sara.hblalentia.schulwebspace.at\/wp-content\/uploads\/2021\/06\/photo-1513772929411-94fdbe59a307.jpeg\" data-link=\"https:\/\/sara.hblalentia.schulwebspace.at\/?attachment_id=165\" class=\"wp-image-165\" srcset=\"https:\/\/sara.hblalentia.schulwebspace.at\/wp-content\/uploads\/2021\/06\/photo-1513772929411-94fdbe59a307-683x1024.jpeg 683w, https:\/\/sara.hblalentia.schulwebspace.at\/wp-content\/uploads\/2021\/06\/photo-1513772929411-94fdbe59a307-200x300.jpeg 200w, https:\/\/sara.hblalentia.schulwebspace.at\/wp-content\/uploads\/2021\/06\/photo-1513772929411-94fdbe59a307-768x1152.jpeg 768w, https:\/\/sara.hblalentia.schulwebspace.at\/wp-content\/uploads\/2021\/06\/photo-1513772929411-94fdbe59a307-1x2.jpeg 1w, https:\/\/sara.hblalentia.schulwebspace.at\/wp-content\/uploads\/2021\/06\/photo-1513772929411-94fdbe59a307.jpeg 800w\" sizes=\"auto, (max-width: 683px) 100vw, 683px\" \/><\/figure><\/li><\/ul><\/figure>\n\n\n\n<p><span class=\"has-inline-color has-white-color\">m<\/span><\/p>\n\n\n\n<p><\/p>\n","protected":false},"excerpt":{"rendered":"<p>m Ich hei\u00dfe dich sehr herzlich willkommen zu meiner Website \u00fcber NEW YORK &#8211; die Stadt die niemals schl\u00e4ft. Hier dreht sich alles um diese ber\u00fchmte Stadt in der USA. Ihr k\u00f6nnt hier allgemeine Informationen zur Stadt, Infos zu den beliebtesten Sehensw\u00fcrdigkeiten und noch vieles mehr erfahren.Jede Woche am Freitag poste ich einen neuen Beitrag, [&hellip;]<\/p>\n","protected":false},"author":1,"featured_media":0,"parent":0,"menu_order":0,"comment_status":"closed","ping_status":"closed","template":"","meta":{"footnotes":""},"class_list":["post-29","page","type-page","status-publish","hentry"],"_links":{"self":[{"href":"https:\/\/sara.hblalentia.schulwebspace.at\/index.php?rest_route=\/wp\/v2\/pages\/29","targetHints":{"allow":["GET"]}}],"collection":[{"href":"https:\/\/sara.hblalentia.schulwebspace.at\/index.php?rest_route=\/wp\/v2\/pages"}],"about":[{"href":"https:\/\/sara.hblalentia.schulwebspace.at\/index.php?rest_route=\/wp\/v2\/types\/page"}],"author":[{"embeddable":true,"href":"https:\/\/sara.hblalentia.schulwebspace.at\/index.php?rest_route=\/wp\/v2\/users\/1"}],"replies":[{"embeddable":true,"href":"https:\/\/sara.hblalentia.schulwebspace.at\/index.php?rest_route=%2Fwp%2Fv2%2Fcomments&post=29"}],"version-history":[{"count":18,"href":"https:\/\/sara.hblalentia.schulwebspace.at\/index.php?rest_route=\/wp\/v2\/pages\/29\/revisions"}],"predecessor-version":[{"id":201,"href":"https:\/\/sara.hblalentia.schulwebspace.at\/index.php?rest_route=\/wp\/v2\/pages\/29\/revisions\/201"}],"wp:attachment":[{"href":"https:\/\/sara.hblalentia.schulwebspace.at\/index.php?rest_route=%2Fwp%2Fv2%2Fmedia&parent=29"}],"curies":[{"name":"wp","href":"https:\/\/api.w.org\/{rel}","templated":true}]}}