{"id":94,"date":"2021-06-25T12:56:40","date_gmt":"2021-06-25T10:56:40","guid":{"rendered":"https:\/\/sara.hblalentia.schulwebspace.at\/?page_id=94"},"modified":"2021-06-29T22:15:26","modified_gmt":"2021-06-29T20:15:26","slug":"sehenswuerdigkeiten","status":"publish","type":"page","link":"https:\/\/sara.hblalentia.schulwebspace.at\/?page_id=94","title":{"rendered":"SEHENSW\u00dcRDIGKEITEN"},"content":{"rendered":"\n<p>Hier ein kleiner Vorgeschmack auf ein paar der bekanntesten Spots und Sehensw\u00fcrdigkeiten in New York City:<\/p>\n\n\n\n<p><span class=\"has-inline-color has-white-color\">m<\/span><\/p>\n\n\n\n<figure class=\"wp-block-embed aligncenter is-type-video is-provider-youtube wp-block-embed-youtube wp-embed-aspect-16-9 wp-has-aspect-ratio\"><div class=\"wp-block-embed__wrapper\">\n<iframe loading=\"lazy\" title=\"NEW YORK - Short Travel Film (2019)\" width=\"500\" height=\"281\" src=\"https:\/\/www.youtube.com\/embed\/MnLVYoXQ5KM?feature=oembed\" frameborder=\"0\" allow=\"accelerometer; autoplay; clipboard-write; encrypted-media; gyroscope; picture-in-picture; web-share\" referrerpolicy=\"strict-origin-when-cross-origin\" allowfullscreen><\/iframe>\n<\/div><\/figure>\n\n\n\n<p><span class=\"has-inline-color has-white-color\">m<\/span><\/p>\n\n\n\n<p>In New York gibt es zahlreiche beeindruckende Sehensw\u00fcrdigkeiten, die jeder einmal im Leben gesehen haben muss. Ich gebe dir einen \u00dcberblick \u00fcber die Wichtigsten in den einzelnen Stadtbezirken.<\/p>\n\n\n\n<p>Dazu einfach im Men\u00fc bei &#8222;Sehensw\u00fcrdigkeiten&#8220; mit der Maus dar\u00fcber gehen und dann den jeweiligen Bezirk ausw\u00e4hlen.<\/p>\n\n\n\n<p>Viel Spa\u00df.<\/p>\n\n\n\n<p><span class=\"has-inline-color has-white-color\">m<\/span><\/p>\n","protected":false},"excerpt":{"rendered":"<p>Hier ein kleiner Vorgeschmack auf ein paar der bekanntesten Spots und Sehensw\u00fcrdigkeiten in New York City: m m In New York gibt es zahlreiche beeindruckende Sehensw\u00fcrdigkeiten, die jeder einmal im Leben gesehen haben muss. Ich gebe dir einen \u00dcberblick \u00fcber die Wichtigsten in den einzelnen Stadtbezirken. Dazu einfach im Men\u00fc bei &#8222;Sehensw\u00fcrdigkeiten&#8220; mit der Maus [&hellip;]<\/p>\n","protected":false},"author":1,"featured_media":0,"parent":0,"menu_order":0,"comment_status":"closed","ping_status":"closed","template":"full-width.php","meta":{"footnotes":""},"class_list":["post-94","page","type-page","status-publish","hentry"],"_links":{"self":[{"href":"https:\/\/sara.hblalentia.schulwebspace.at\/index.php?rest_route=\/wp\/v2\/pages\/94","targetHints":{"allow":["GET"]}}],"collection":[{"href":"https:\/\/sara.hblalentia.schulwebspace.at\/index.php?rest_route=\/wp\/v2\/pages"}],"about":[{"href":"https:\/\/sara.hblalentia.schulwebspace.at\/index.php?rest_route=\/wp\/v2\/types\/page"}],"author":[{"embeddable":true,"href":"https:\/\/sara.hblalentia.schulwebspace.at\/index.php?rest_route=\/wp\/v2\/users\/1"}],"replies":[{"embeddable":true,"href":"https:\/\/sara.hblalentia.schulwebspace.at\/index.php?rest_route=%2Fwp%2Fv2%2Fcomments&post=94"}],"version-history":[{"count":7,"href":"https:\/\/sara.hblalentia.schulwebspace.at\/index.php?rest_route=\/wp\/v2\/pages\/94\/revisions"}],"predecessor-version":[{"id":256,"href":"https:\/\/sara.hblalentia.schulwebspace.at\/index.php?rest_route=\/wp\/v2\/pages\/94\/revisions\/256"}],"wp:attachment":[{"href":"https:\/\/sara.hblalentia.schulwebspace.at\/index.php?rest_route=%2Fwp%2Fv2%2Fmedia&parent=94"}],"curies":[{"name":"wp","href":"https:\/\/api.w.org\/{rel}","templated":true}]}}